{"id":73,"date":"2018-06-19T10:44:17","date_gmt":"2018-06-19T16:44:17","guid":{"rendered":"https:\/\/www.radioculturaltgn.tv\/inicio\/about-us\/"},"modified":"2022-08-03T08:19:42","modified_gmt":"2022-08-03T14:19:42","slug":"nosotros","status":"publish","type":"page","link":"https:\/\/www.radioculturaltgn.tv\/inicio\/nosotros\/","title":{"rendered":"Nosotros"},"content":{"rendered":"\t\t<div data-elementor-type=\"wp-page\" data-elementor-id=\"73\" class=\"elementor elementor-73\">\n\t\t\t\t\t\t<section class=\"elementor-section elementor-top-section elementor-element elementor-element-7c89838d elementor-section-stretched elementor-section-height-min-height elementor-section-boxed elementor-section-height-default elementor-section-items-middle\" data-id=\"7c89838d\" data-element_type=\"section\" data-e-type=\"section\" data-settings=\"{&quot;stretch_section&quot;:&quot;section-stretched&quot;,&quot;background_background&quot;:&quot;classic&quot;}\">\n\t\t\t\t\t\t<div class=\"elementor-container elementor-column-gap-default\">\n\t\t\t\t\t<div class=\"aux-parallax-section elementor-column elementor-col-100 elementor-top-column elementor-element elementor-element-51ad86fa aux-appear-watch-animation aux-fade-in-right\" data-id=\"51ad86fa\" data-element_type=\"column\" data-e-type=\"column\">\n\t\t\t<div class=\"elementor-widget-wrap elementor-element-populated\">\n\t\t\t\t\t\t<div class=\"elementor-element elementor-element-65ae90d0 elementor-widget elementor-widget-aux_modern_heading\" data-id=\"65ae90d0\" data-element_type=\"widget\" data-e-type=\"widget\" data-widget_type=\"aux_modern_heading.default\">\n\t\t\t\t<div class=\"elementor-widget-container\">\n\t\t\t\t\t<section class=\"aux-widget-modern-heading\">\n            <div class=\"aux-widget-inner\"><h2 class=\"aux-modern-heading-primary\">Nosotros<\/h2><\/div>\n        <\/section>\t\t\t\t<\/div>\n\t\t\t\t<\/div>\n\t\t\t\t<div class=\"elementor-element elementor-element-8b41f70 elementor-widget elementor-widget-aux_breadcrumbs\" data-id=\"8b41f70\" data-element_type=\"widget\" data-e-type=\"widget\" data-widget_type=\"aux_breadcrumbs.default\">\n\t\t\t\t<div class=\"elementor-widget-container\">\n\t\t\t\t\t<div class=\"aux-elementor-breadcrumbs\"><p class=\"aux-breadcrumbs\"><span><a href=\"https:\/\/www.radioculturaltgn.tv\/inicio\" title=\"Inicio\">Inicio<\/a><\/span><\/div>\t\t\t\t<\/div>\n\t\t\t\t<\/div>\n\t\t\t\t\t<\/div>\n\t\t<\/div>\n\t\t\t\t\t<\/div>\n\t\t<\/section>\n\t\t\t\t<section class=\"elementor-section elementor-top-section elementor-element elementor-element-ca2a472 elementor-section-content-middle elementor-section-boxed elementor-section-height-default elementor-section-height-default\" data-id=\"ca2a472\" data-element_type=\"section\" data-e-type=\"section\">\n\t\t\t\t\t\t<div class=\"elementor-container elementor-column-gap-default\">\n\t\t\t\t\t<div class=\"aux-parallax-section elementor-column elementor-col-50 elementor-top-column elementor-element elementor-element-2ce959dd\" data-id=\"2ce959dd\" data-element_type=\"column\" data-e-type=\"column\">\n\t\t\t<div class=\"elementor-widget-wrap elementor-element-populated\">\n\t\t\t\t\t\t<div class=\"elementor-element elementor-element-49d9de1 aux-appear-watch-animation aux-fade-in-up elementor-widget elementor-widget-aux_modern_heading\" data-id=\"49d9de1\" data-element_type=\"widget\" data-e-type=\"widget\" data-widget_type=\"aux_modern_heading.default\">\n\t\t\t\t<div class=\"elementor-widget-container\">\n\t\t\t\t\t<section class=\"aux-widget-modern-heading\">\n            <div class=\"aux-widget-inner\"><h2 class=\"aux-modern-heading-primary\">NUESTRA HISTORIA<\/h2><h3 class=\"aux-modern-heading-secondary\"><span class=\"aux-head-before\">Transmitiendo desde 1950 <\/span><\/h3><div class=\"aux-modern-heading-divider\"><\/div><div class=\"aux-modern-heading-description\"><p style=\"text-align: justify\">Radio Cultural TGN ha estado al servicio de la iglesia evang\u00e9lica y del pueblo de Guatemala, Transmitiendo Gratas Noticias, desde el 6 de agosto de 1950. Como la primera emisora evang\u00e9lica en el pa\u00eds, Radio Cultural TGN ha sido un factor significativo en el crecimiento de la Iglesia, tanto en lo num\u00e9rico como en lo espiritual. Radio Cultural tiene una audiencia grande a nivel nacional e internacional, en d\u00f3nde est\u00e1n incluidos todos los estratos sociales y educativos adem\u00e1s de los Espirituales.<\/p><p style=\"text-align: justify\">Adem\u00e1s de su labor espiritual y educativa, Radio Cultural TGN se ha identificado con la poblaci\u00f3n afectada por desastres naturales, como el devastador terremoto de 1976, el Hurac\u00e1n Mitch, Hurac\u00e1n Stan de 2,005 y muchos m\u00e1s, canalizando hacia ellos ayuda de todo tipo.<\/p><p style=\"text-align: justify\">El edificio de la Radio, en la Zona 3 de la Capital, fue inaugurado en 1974 e incluye en su interior los estudios y oficinas, adem\u00e1s de salones que sirven para reuniones de diversos grupos. En 1980 se logro trasladar la planta de transmisi\u00f3n al Cerro Anacoche, San Pedro Sac., Guatemala, lo que mejoro significativamente la cobertura en AM y FM.<\/p><p style=\"text-align: justify\">Desde 1998, por cambios en la pol\u00edtica del Gobierno en cuanto a la radiodifusi\u00f3n, esta emisora se vio obligada a comprar frecuencias en subastas e instalar repetidoras para no perder su alcance. Gracias a la generosidad de los oyentes, se ha logrado adquirir unas 17 frecuencias regionales y 6 municipales, con una inversi\u00f3n de m\u00e1s de Q 10 millones.<\/p><\/div><\/div>\n        <\/section>\t\t\t\t<\/div>\n\t\t\t\t<\/div>\n\t\t\t\t\t<\/div>\n\t\t<\/div>\n\t\t\t\t<div class=\"aux-parallax-section elementor-column elementor-col-50 elementor-top-column elementor-element elementor-element-1d8d0f19 aux-appear-watch-animation aux-scale-down\" data-id=\"1d8d0f19\" data-element_type=\"column\" data-e-type=\"column\">\n\t\t\t<div class=\"elementor-widget-wrap elementor-element-populated\">\n\t\t\t\t\t\t<div class=\"elementor-element elementor-element-2d5cedba elementor-widget elementor-widget-aux_image\" data-id=\"2d5cedba\" data-element_type=\"widget\" data-e-type=\"widget\" data-widget_type=\"aux_image.default\">\n\t\t\t\t<div class=\"elementor-widget-container\">\n\t\t\t\t\t<section class=\"widget-container aux-widget-image aux-alignnone aux-parent-au8ae4f489\">\n    <div class=\"aux-media-hint-frame \">\n        <div class=\"aux-media-image \" >\n        \n            \n\n            \n            <img fetchpriority=\"high\" decoding=\"async\" width=\"784\" height=\"1024\" src=\"data:image\/gif;base64,R0lGODlhAQABAIAAAAAAAP\/\/\/yH5BAEAAAAALAAAAAABAAEAAAIBRAA7\" class=\"aux-attachment aux-featured-image aux-attachment-id-359 aux-preload aux-blank\" alt=\"historia-radio\" data-ratio=\"0.77\" data-original-w=\"784\" sizes=\"auto\" data-srcset=\"https:\/\/www.radioculturaltgn.tv\/inicio\/wp-content\/uploads\/2022\/06\/historia-radio-150x196.jpg 150w,https:\/\/www.radioculturaltgn.tv\/inicio\/wp-content\/uploads\/2022\/06\/historia-radio-300x392.jpg 300w,https:\/\/www.radioculturaltgn.tv\/inicio\/wp-content\/uploads\/2022\/06\/historia-radio-768x1003.jpg 768w,https:\/\/www.radioculturaltgn.tv\/inicio\/wp-content\/uploads\/2022\/06\/historia-radio-784x1024.jpg 784w\" data-src=\"https:\/\/www.radioculturaltgn.tv\/inicio\/wp-content\/uploads\/2022\/06\/historia-radio-784x1024.jpg\" \/>            \n                <\/div>\n    <\/div>\n\n<\/section><!-- widget-container -->\t\t\t\t<\/div>\n\t\t\t\t<\/div>\n\t\t\t\t\t<\/div>\n\t\t<\/div>\n\t\t\t\t\t<\/div>\n\t\t<\/section>\n\t\t\t\t<section class=\"elementor-section elementor-top-section elementor-element elementor-element-561c777c elementor-section-boxed elementor-section-height-default elementor-section-height-default\" data-id=\"561c777c\" data-element_type=\"section\" data-e-type=\"section\">\n\t\t\t\t\t\t<div class=\"elementor-container elementor-column-gap-default\">\n\t\t\t\t\t<div class=\"aux-parallax-section elementor-column elementor-col-100 elementor-top-column elementor-element elementor-element-74dd3d00\" data-id=\"74dd3d00\" data-element_type=\"column\" data-e-type=\"column\" data-settings=\"{&quot;background_background&quot;:&quot;classic&quot;}\">\n\t\t\t<div class=\"elementor-widget-wrap elementor-element-populated\">\n\t\t\t\t\t<div class=\"elementor-background-overlay\"><\/div>\n\t\t\t\t\t\t<div class=\"elementor-element elementor-element-b236b17 aux-appear-watch-animation aux-scale-down elementor-widget elementor-widget-aux_modern_heading\" data-id=\"b236b17\" data-element_type=\"widget\" data-e-type=\"widget\" data-widget_type=\"aux_modern_heading.default\">\n\t\t\t\t<div class=\"elementor-widget-container\">\n\t\t\t\t\t<section class=\"aux-widget-modern-heading\">\n            <div class=\"aux-widget-inner\"><h2 class=\"aux-modern-heading-primary\">\u201c<\/h2><div class=\"aux-modern-heading-description\"><p>Radio Cultural TGN difunde programas que ense\u00f1an, edifican e inspiran tanto a nivel nacional como internacional, en AM, FM, internet y a trav\u00e9s de su red de repetidoras.<\/p><\/div><\/div>\n        <\/section>\t\t\t\t<\/div>\n\t\t\t\t<\/div>\n\t\t\t\t\t<\/div>\n\t\t<\/div>\n\t\t\t\t\t<\/div>\n\t\t<\/section>\n\t\t\t\t<\/div>\n\t\t","protected":false},"excerpt":{"rendered":"<p>Nosotros Inicio NUESTRA HISTORIA Transmitiendo desde 1950 Radio Cultural TGN ha estado al servicio de la iglesia evang\u00e9lica y del pueblo de Guatemala, Transmitiendo Gratas Noticias, desde el 6 de agosto de 1950. Como la primera emisora evang\u00e9lica en el pa\u00eds, Radio Cultural TGN ha sido un factor significativo en el crecimiento de la Iglesia, [&hellip;]<\/p>\n","protected":false},"author":1,"featured_media":0,"parent":0,"menu_order":0,"comment_status":"closed","ping_status":"closed","template":"templates\/page-builder-content.php","meta":{"om_disable_all_campaigns":false,"footnotes":""},"class_list":["post-73","page","type-page","status-publish","hentry"],"_links":{"self":[{"href":"https:\/\/www.radioculturaltgn.tv\/inicio\/wp-json\/wp\/v2\/pages\/73","targetHints":{"allow":["GET"]}}],"collection":[{"href":"https:\/\/www.radioculturaltgn.tv\/inicio\/wp-json\/wp\/v2\/pages"}],"about":[{"href":"https:\/\/www.radioculturaltgn.tv\/inicio\/wp-json\/wp\/v2\/types\/page"}],"author":[{"embeddable":true,"href":"https:\/\/www.radioculturaltgn.tv\/inicio\/wp-json\/wp\/v2\/users\/1"}],"replies":[{"embeddable":true,"href":"https:\/\/www.radioculturaltgn.tv\/inicio\/wp-json\/wp\/v2\/comments?post=73"}],"version-history":[{"count":10,"href":"https:\/\/www.radioculturaltgn.tv\/inicio\/wp-json\/wp\/v2\/pages\/73\/revisions"}],"predecessor-version":[{"id":499,"href":"https:\/\/www.radioculturaltgn.tv\/inicio\/wp-json\/wp\/v2\/pages\/73\/revisions\/499"}],"wp:attachment":[{"href":"https:\/\/www.radioculturaltgn.tv\/inicio\/wp-json\/wp\/v2\/media?parent=73"}],"curies":[{"name":"wp","href":"https:\/\/api.w.org\/{rel}","templated":true}]}}